{"id":809,"date":"2020-03-13T13:52:03","date_gmt":"2020-03-13T13:52:03","guid":{"rendered":"https:\/\/kaasplankenhandel.com\/ankauf\/"},"modified":"2025-09-25T12:10:10","modified_gmt":"2025-09-25T12:10:10","slug":"ankauf","status":"publish","type":"page","link":"https:\/\/kaasplankenhandel.com\/de\/ankauf\/","title":{"rendered":"ANKAUF"},"content":{"rendered":"\t\t<div data-elementor-type=\"wp-page\" data-elementor-id=\"809\" class=\"elementor elementor-809 elementor-13\" data-elementor-post-type=\"page\">\n\t\t\t\t\t\t<section class=\"elementor-section elementor-top-section elementor-element elementor-element-681b325 elementor-section-full_width elementor-section-height-default elementor-section-height-default\" data-id=\"681b325\" data-element_type=\"section\" data-e-type=\"section\" data-settings=\"{&quot;background_background&quot;:&quot;classic&quot;}\">\n\t\t\t\t\t\t<div class=\"elementor-container elementor-column-gap-default\">\n\t\t\t\t\t<div class=\"elementor-column elementor-col-100 elementor-top-column elementor-element elementor-element-d3bed9a\" data-id=\"d3bed9a\" data-element_type=\"column\" data-e-type=\"column\">\n\t\t\t<div class=\"elementor-widget-wrap\">\n\t\t\t\t\t\t\t<\/div>\n\t\t<\/div>\n\t\t\t\t\t<\/div>\n\t\t<\/section>\n\t\t\t\t<section class=\"elementor-section elementor-top-section elementor-element elementor-element-0350461 elementor-section-boxed elementor-section-height-default elementor-section-height-default\" data-id=\"0350461\" data-element_type=\"section\" data-e-type=\"section\">\n\t\t\t\t\t\t<div class=\"elementor-container elementor-column-gap-default\">\n\t\t\t\t\t<div class=\"elementor-column elementor-col-100 elementor-top-column elementor-element elementor-element-4f10d1e\" data-id=\"4f10d1e\" data-element_type=\"column\" data-e-type=\"column\">\n\t\t\t<div class=\"elementor-widget-wrap elementor-element-populated\">\n\t\t\t\t\t\t<div class=\"elementor-element elementor-element-735c587 elementor-widget elementor-widget-text-editor\" data-id=\"735c587\" data-element_type=\"widget\" data-e-type=\"widget\" data-widget_type=\"text-editor.default\">\n\t\t\t\t<div class=\"elementor-widget-container\">\n\t\t\t\t\t\t\t\t\t<h5 class=\"title textcenter default bw-2px dh-2px divider-dark bc-dark dw-default color-default\"><span>K\u00e4sebrettern ein zweites Leben geben <\/span><\/h5>\n\t\t\t\t\t\t\t\t<\/div>\n\t\t\t\t<\/div>\n\t\t\t\t<div class=\"elementor-element elementor-element-22a3763 elementor-widget elementor-widget-heading\" data-id=\"22a3763\" data-element_type=\"widget\" data-e-type=\"widget\" data-widget_type=\"heading.default\">\n\t\t\t\t<div class=\"elementor-widget-container\">\n\t\t\t\t\t<h1 class=\"elementor-heading-title elementor-size-default\">ANKAUF<\/h1>\t\t\t\t<\/div>\n\t\t\t\t<\/div>\n\t\t\t\t<div class=\"elementor-element elementor-element-e5398d6 elementor-widget-divider--view-line elementor-widget elementor-widget-divider\" data-id=\"e5398d6\" data-element_type=\"widget\" data-e-type=\"widget\" data-widget_type=\"divider.default\">\n\t\t\t\t<div class=\"elementor-widget-container\">\n\t\t\t\t\t\t\t<div class=\"elementor-divider\">\n\t\t\t<span class=\"elementor-divider-separator\">\n\t\t\t\t\t\t<\/span>\n\t\t<\/div>\n\t\t\t\t\t\t<\/div>\n\t\t\t\t<\/div>\n\t\t\t\t<div class=\"elementor-element elementor-element-687aeb5 elementor-widget elementor-widget-text-editor\" data-id=\"687aeb5\" data-element_type=\"widget\" data-e-type=\"widget\" data-widget_type=\"text-editor.default\">\n\t\t\t\t<div class=\"elementor-widget-container\">\n\t\t\t\t\t\t\t\t\t<p class=\"p1\"><span class=\"s1\"><b>Wir suchen fortlaufend Posten gebrauchter K\u00e4sebretter, gro\u00df wie klein. Auch anderes Holz interessiert uns! Haben Sie Bretter in einem Bauern\u2011 oder Reifelager? Geben Sie uns Bescheid.<\/b><\/span><\/p>\n\t\t\t\t\t\t\t\t<\/div>\n\t\t\t\t<\/div>\n\t\t\t\t\t<\/div>\n\t\t<\/div>\n\t\t\t\t\t<\/div>\n\t\t<\/section>\n\t\t\t\t<section class=\"elementor-section elementor-top-section elementor-element elementor-element-09aa196 elementor-section-boxed elementor-section-height-default elementor-section-height-default\" data-id=\"09aa196\" data-element_type=\"section\" data-e-type=\"section\">\n\t\t\t\t\t\t<div class=\"elementor-container elementor-column-gap-default\">\n\t\t\t\t\t<div class=\"elementor-column elementor-col-100 elementor-top-column elementor-element elementor-element-2c6eb7e\" data-id=\"2c6eb7e\" data-element_type=\"column\" data-e-type=\"column\">\n\t\t\t<div class=\"elementor-widget-wrap elementor-element-populated\">\n\t\t\t\t\t\t<div class=\"elementor-element elementor-element-1800da8 elementor-widget elementor-widget-text-editor\" data-id=\"1800da8\" data-element_type=\"widget\" data-e-type=\"widget\" data-widget_type=\"text-editor.default\">\n\t\t\t\t<div class=\"elementor-widget-container\">\n\t\t\t\t\t\t\t\t\t<p class=\"p1\" style=\"text-align: center;\"><span class=\"s1\">Die Bretter werden aufgearbeitet und zu neuen Produkten f\u00fcr verschiedenste Zwecke verarbeitet \u2013 so erhalten sie ein zweites Leben! Wir zahlen marktgerechte Preise und \u00fcbernehmen auf Wunsch die R\u00e4umung Ihres Lagers sowie den Transport \u2013 zu fairen Konditionen.<\/span><\/p>\n<p><\/p>\n<p class=\"p1\" style=\"text-align: center;\"><span class=\"s1\">Sie haben \u00fcbersch\u00fcssige (K\u00e4se\u2011)Bretter und suchen einen K\u00e4ufer? Melden Sie sich wir kommen gern auf Sie zu!<\/span><\/p>\n\t\t\t\t\t\t\t\t<\/div>\n\t\t\t\t<\/div>\n\t\t\t\t\t<\/div>\n\t\t<\/div>\n\t\t\t\t\t<\/div>\n\t\t<\/section>\n\t\t\t\t<section class=\"elementor-section elementor-top-section elementor-element elementor-element-b72192d elementor-section-full_width elementor-section-height-min-height elementor-section-height-default elementor-section-items-middle\" data-id=\"b72192d\" data-element_type=\"section\" data-e-type=\"section\">\n\t\t\t\t\t\t<div class=\"elementor-container elementor-column-gap-no\">\n\t\t\t\t\t<div class=\"elementor-column elementor-col-100 elementor-top-column elementor-element elementor-element-b0aaddc\" data-id=\"b0aaddc\" data-element_type=\"column\" data-e-type=\"column\">\n\t\t\t<div class=\"elementor-widget-wrap elementor-element-populated\">\n\t\t\t\t\t\t<div class=\"elementor-element elementor-element-c3bedd8 elementor-widget elementor-widget-gallery\" data-id=\"c3bedd8\" data-element_type=\"widget\" data-e-type=\"widget\" data-settings=\"{&quot;gap&quot;:{&quot;unit&quot;:&quot;px&quot;,&quot;size&quot;:0,&quot;sizes&quot;:[]},&quot;aspect_ratio&quot;:&quot;4:3&quot;,&quot;lazyload&quot;:&quot;yes&quot;,&quot;gallery_layout&quot;:&quot;grid&quot;,&quot;columns&quot;:4,&quot;columns_tablet&quot;:2,&quot;columns_mobile&quot;:1,&quot;gap_tablet&quot;:{&quot;unit&quot;:&quot;px&quot;,&quot;size&quot;:10,&quot;sizes&quot;:[]},&quot;gap_mobile&quot;:{&quot;unit&quot;:&quot;px&quot;,&quot;size&quot;:10,&quot;sizes&quot;:[]},&quot;link_to&quot;:&quot;file&quot;,&quot;overlay_background&quot;:&quot;yes&quot;,&quot;content_hover_animation&quot;:&quot;fade-in&quot;}\" data-widget_type=\"gallery.default\">\n\t\t\t\t<div class=\"elementor-widget-container\">\n\t\t\t\t\t\t\t<div class=\"elementor-gallery__container\">\n\t\t\t\t\t\t\t<a class=\"e-gallery-item elementor-gallery-item elementor-animated-content\" href=\"https:\/\/kaasplankenhandel.com\/wp-content\/uploads\/2020\/03\/4-fotos-1.jpg\" data-elementor-open-lightbox=\"yes\" data-elementor-lightbox-slideshow=\"c3bedd8\" data-elementor-lightbox-title=\"4-fotos-1\" data-e-action-hash=\"#elementor-action%3Aaction%3Dlightbox%26settings%3DeyJpZCI6ODAzLCJ1cmwiOiJodHRwczpcL1wva2Fhc3BsYW5rZW5oYW5kZWwuY29tXC93cC1jb250ZW50XC91cGxvYWRzXC8yMDIwXC8wM1wvNC1mb3Rvcy0xLmpwZyIsInNsaWRlc2hvdyI6ImMzYmVkZDgifQ%3D%3D\">\n\t\t\t\t\t<div class=\"e-gallery-image elementor-gallery-item__image\" data-thumbnail=\"https:\/\/kaasplankenhandel.com\/wp-content\/uploads\/2020\/03\/4-fotos-1-300x275.jpg\" data-width=\"300\" data-height=\"275\" aria-label=\"Handelsunternehmen f\u00fcr K\u00e4seplatten\" role=\"img\" ><\/div>\n\t\t\t\t\t\t\t\t\t\t\t<div class=\"elementor-gallery-item__overlay\"><\/div>\n\t\t\t\t\t\t\t\t\t\t\t\t\t\t<\/a>\n\t\t\t\t\t\t\t<a class=\"e-gallery-item elementor-gallery-item elementor-animated-content\" href=\"https:\/\/kaasplankenhandel.com\/wp-content\/uploads\/2020\/05\/kaasplank-met-kaas.jpg\" data-elementor-open-lightbox=\"yes\" data-elementor-lightbox-slideshow=\"c3bedd8\" data-elementor-lightbox-title=\"kaasplank-met-kaas\" data-e-action-hash=\"#elementor-action%3Aaction%3Dlightbox%26settings%3DeyJpZCI6ODA0LCJ1cmwiOiJodHRwczpcL1wva2Fhc3BsYW5rZW5oYW5kZWwuY29tXC93cC1jb250ZW50XC91cGxvYWRzXC8yMDIwXC8wNVwva2Fhc3BsYW5rLW1ldC1rYWFzLmpwZyIsInNsaWRlc2hvdyI6ImMzYmVkZDgifQ%3D%3D\">\n\t\t\t\t\t<div class=\"e-gallery-image elementor-gallery-item__image\" data-thumbnail=\"https:\/\/kaasplankenhandel.com\/wp-content\/uploads\/2020\/05\/kaasplank-met-kaas-300x275.jpg\" data-width=\"300\" data-height=\"275\" aria-label=\"\" role=\"img\" ><\/div>\n\t\t\t\t\t\t\t\t\t\t\t<div class=\"elementor-gallery-item__overlay\"><\/div>\n\t\t\t\t\t\t\t\t\t\t\t\t\t\t<\/a>\n\t\t\t\t\t\t\t<a class=\"e-gallery-item elementor-gallery-item elementor-animated-content\" href=\"https:\/\/kaasplankenhandel.com\/wp-content\/uploads\/2020\/03\/4-fotos-3.jpg\" data-elementor-open-lightbox=\"yes\" data-elementor-lightbox-slideshow=\"c3bedd8\" data-elementor-lightbox-title=\"4-fotos-3\" data-e-action-hash=\"#elementor-action%3Aaction%3Dlightbox%26settings%3DeyJpZCI6ODA1LCJ1cmwiOiJodHRwczpcL1wva2Fhc3BsYW5rZW5oYW5kZWwuY29tXC93cC1jb250ZW50XC91cGxvYWRzXC8yMDIwXC8wM1wvNC1mb3Rvcy0zLmpwZyIsInNsaWRlc2hvdyI6ImMzYmVkZDgifQ%3D%3D\">\n\t\t\t\t\t<div class=\"e-gallery-image elementor-gallery-item__image\" data-thumbnail=\"https:\/\/kaasplankenhandel.com\/wp-content\/uploads\/2020\/03\/4-fotos-3-300x275.jpg\" data-width=\"300\" data-height=\"275\" aria-label=\"K\u00e4sebretter bestellen Handelsgesellschaft\" role=\"img\" ><\/div>\n\t\t\t\t\t\t\t\t\t\t\t<div class=\"elementor-gallery-item__overlay\"><\/div>\n\t\t\t\t\t\t\t\t\t\t\t\t\t\t<\/a>\n\t\t\t\t\t\t\t<a class=\"e-gallery-item elementor-gallery-item elementor-animated-content\" href=\"https:\/\/kaasplankenhandel.com\/wp-content\/uploads\/2020\/03\/4-fotos-4.jpg\" data-elementor-open-lightbox=\"yes\" data-elementor-lightbox-slideshow=\"c3bedd8\" data-elementor-lightbox-title=\"4-fotos-4\" data-e-action-hash=\"#elementor-action%3Aaction%3Dlightbox%26settings%3DeyJpZCI6ODA2LCJ1cmwiOiJodHRwczpcL1wva2Fhc3BsYW5rZW5oYW5kZWwuY29tXC93cC1jb250ZW50XC91cGxvYWRzXC8yMDIwXC8wM1wvNC1mb3Rvcy00LmpwZyIsInNsaWRlc2hvdyI6ImMzYmVkZDgifQ%3D%3D\">\n\t\t\t\t\t<div class=\"e-gallery-image elementor-gallery-item__image\" data-thumbnail=\"https:\/\/kaasplankenhandel.com\/wp-content\/uploads\/2020\/03\/4-fotos-4-300x275.jpg\" data-width=\"300\" data-height=\"275\" aria-label=\"K\u00e4sebrett-Handelsfirma zu verkaufen\" role=\"img\" ><\/div>\n\t\t\t\t\t\t\t\t\t\t\t<div class=\"elementor-gallery-item__overlay\"><\/div>\n\t\t\t\t\t\t\t\t\t\t\t\t\t\t<\/a>\n\t\t\t\t\t<\/div>\n\t\t\t\t\t<\/div>\n\t\t\t\t<\/div>\n\t\t\t\t\t<\/div>\n\t\t<\/div>\n\t\t\t\t\t<\/div>\n\t\t<\/section>\n\t\t\t\t<section class=\"elementor-section elementor-top-section elementor-element elementor-element-69c635d elementor-section-boxed elementor-section-height-default elementor-section-height-default\" data-id=\"69c635d\" data-element_type=\"section\" data-e-type=\"section\" data-settings=\"{&quot;background_background&quot;:&quot;classic&quot;}\">\n\t\t\t\t\t\t<div class=\"elementor-container elementor-column-gap-default\">\n\t\t\t\t\t<div class=\"elementor-column elementor-col-100 elementor-top-column elementor-element elementor-element-0dd41b1\" data-id=\"0dd41b1\" data-element_type=\"column\" data-e-type=\"column\">\n\t\t\t<div class=\"elementor-widget-wrap elementor-element-populated\">\n\t\t\t\t\t\t<div class=\"elementor-element elementor-element-6cd4741 elementor-widget__width-auto elementor-widget elementor-widget-heading\" data-id=\"6cd4741\" data-element_type=\"widget\" data-e-type=\"widget\" data-widget_type=\"heading.default\">\n\t\t\t\t<div class=\"elementor-widget-container\">\n\t\t\t\t\t<h4 class=\"elementor-heading-title elementor-size-default\">M\u00f6chten Sie K\u00e4sebretter verkaufen? <\/h4>\t\t\t\t<\/div>\n\t\t\t\t<\/div>\n\t\t\t\t<div class=\"elementor-element elementor-element-3943aeb elementor-widget__width-auto elementor-widget elementor-widget-button\" data-id=\"3943aeb\" data-element_type=\"widget\" data-e-type=\"widget\" data-widget_type=\"button.default\">\n\t\t\t\t<div class=\"elementor-widget-container\">\n\t\t\t\t\t\t\t\t\t<div class=\"elementor-button-wrapper\">\n\t\t\t\t\t<a class=\"elementor-button elementor-button-link elementor-size-sm\" href=\"https:\/\/kaasplankenhandel.com\/de\/kontakt\/\">\n\t\t\t\t\t\t<span class=\"elementor-button-content-wrapper\">\n\t\t\t\t\t\t\t\t\t<span class=\"elementor-button-text\">KONTAKTIEREN SIE UNS!<\/span>\n\t\t\t\t\t<\/span>\n\t\t\t\t\t<\/a>\n\t\t\t\t<\/div>\n\t\t\t\t\t\t\t\t<\/div>\n\t\t\t\t<\/div>\n\t\t\t\t\t<\/div>\n\t\t<\/div>\n\t\t\t\t\t<\/div>\n\t\t<\/section>\n\t\t\t\t<\/div>\n\t\t","protected":false},"excerpt":{"rendered":"<p>K\u00e4sebrettern ein zweites Leben geben ANKAUF Wir suchen fortlaufend Posten gebrauchter K\u00e4sebretter, gro\u00df wie klein. Auch anderes Holz interessiert uns! Haben Sie Bretter in einem Bauern\u2011 oder Reifelager? Geben Sie uns Bescheid. Die Bretter werden aufgearbeitet und zu neuen Produkten f\u00fcr verschiedenste Zwecke verarbeitet \u2013 so erhalten sie ein zweites Leben! Wir zahlen marktgerechte Preise [&hellip;]<\/p>\n","protected":false},"author":1,"featured_media":0,"parent":0,"menu_order":0,"comment_status":"closed","ping_status":"closed","template":"","meta":{"footnotes":""},"class_list":["post-809","page","type-page","status-publish","hentry"],"yoast_head":"<!-- This site is optimized with the Yoast SEO plugin v27.2 - https:\/\/yoast.com\/product\/yoast-seo-wordpress\/ -->\n<title>Verkaufen Sie K\u00e4seplatten? | Wir k\u00fcmmern uns um den Einkauf | Kaasplankenhandel.com<\/title>\n<meta name=\"description\" content=\"M\u00f6chten Sie K\u00e4sebretter von einem Bauernhof oder K\u00e4selager verkaufen? Wir sind immer auf der Suche nach gebrauchten K\u00e4sebrettern, ob gro\u00df oder klein.\" \/>\n<meta name=\"robots\" content=\"index, follow, max-snippet:-1, max-image-preview:large, max-video-preview:-1\" \/>\n<link rel=\"canonical\" href=\"https:\/\/kaasplankenhandel.com\/de\/ankauf\/\" \/>\n<meta property=\"og:locale\" content=\"de_DE\" \/>\n<meta property=\"og:type\" content=\"article\" \/>\n<meta property=\"og:title\" content=\"Verkaufen Sie K\u00e4seplatten? | Wir k\u00fcmmern uns um den Einkauf | Kaasplankenhandel.com\" \/>\n<meta property=\"og:description\" content=\"M\u00f6chten Sie K\u00e4sebretter von einem Bauernhof oder K\u00e4selager verkaufen? Wir sind immer auf der Suche nach gebrauchten K\u00e4sebrettern, ob gro\u00df oder klein.\" \/>\n<meta property=\"og:url\" content=\"https:\/\/kaasplankenhandel.com\/de\/ankauf\/\" \/>\n<meta property=\"og:site_name\" content=\"Kaasplankenhandel\" \/>\n<meta property=\"article:modified_time\" content=\"2025-09-25T12:10:10+00:00\" \/>\n<meta name=\"twitter:card\" content=\"summary_large_image\" \/>\n<meta name=\"twitter:label1\" content=\"Gesch\u00e4tzte Lesezeit\" \/>\n\t<meta name=\"twitter:data1\" content=\"1\u00a0Minute\" \/>\n<script type=\"application\/ld+json\" class=\"yoast-schema-graph\">{\"@context\":\"https:\/\/schema.org\",\"@graph\":[{\"@type\":\"WebPage\",\"@id\":\"https:\/\/kaasplankenhandel.com\/de\/ankauf\/\",\"url\":\"https:\/\/kaasplankenhandel.com\/de\/ankauf\/\",\"name\":\"Verkaufen Sie K\u00e4seplatten? | Wir k\u00fcmmern uns um den Einkauf | Kaasplankenhandel.com\",\"isPartOf\":{\"@id\":\"https:\/\/kaasplankenhandel.com\/de\/#website\"},\"datePublished\":\"2020-03-13T13:52:03+00:00\",\"dateModified\":\"2025-09-25T12:10:10+00:00\",\"description\":\"M\u00f6chten Sie K\u00e4sebretter von einem Bauernhof oder K\u00e4selager verkaufen? Wir sind immer auf der Suche nach gebrauchten K\u00e4sebrettern, ob gro\u00df oder klein.\",\"breadcrumb\":{\"@id\":\"https:\/\/kaasplankenhandel.com\/de\/ankauf\/#breadcrumb\"},\"inLanguage\":\"de\",\"potentialAction\":[{\"@type\":\"ReadAction\",\"target\":[\"https:\/\/kaasplankenhandel.com\/de\/ankauf\/\"]}]},{\"@type\":\"BreadcrumbList\",\"@id\":\"https:\/\/kaasplankenhandel.com\/de\/ankauf\/#breadcrumb\",\"itemListElement\":[{\"@type\":\"ListItem\",\"position\":1,\"name\":\"Home\",\"item\":\"https:\/\/kaasplankenhandel.com\/de\/\"},{\"@type\":\"ListItem\",\"position\":2,\"name\":\"ANKAUF\"}]},{\"@type\":\"WebSite\",\"@id\":\"https:\/\/kaasplankenhandel.com\/de\/#website\",\"url\":\"https:\/\/kaasplankenhandel.com\/de\/\",\"name\":\"Kaasplankenhandel\",\"description\":\"AUTHENTIEKE, BREDE EN OUDE KAASPLANKEN\",\"potentialAction\":[{\"@type\":\"SearchAction\",\"target\":{\"@type\":\"EntryPoint\",\"urlTemplate\":\"https:\/\/kaasplankenhandel.com\/de\/?s={search_term_string}\"},\"query-input\":{\"@type\":\"PropertyValueSpecification\",\"valueRequired\":true,\"valueName\":\"search_term_string\"}}],\"inLanguage\":\"de\"}]}<\/script>\n<!-- \/ Yoast SEO plugin. -->","yoast_head_json":{"title":"Verkaufen Sie K\u00e4seplatten? | Wir k\u00fcmmern uns um den Einkauf | Kaasplankenhandel.com","description":"M\u00f6chten Sie K\u00e4sebretter von einem Bauernhof oder K\u00e4selager verkaufen? Wir sind immer auf der Suche nach gebrauchten K\u00e4sebrettern, ob gro\u00df oder klein.","robots":{"index":"index","follow":"follow","max-snippet":"max-snippet:-1","max-image-preview":"max-image-preview:large","max-video-preview":"max-video-preview:-1"},"canonical":"https:\/\/kaasplankenhandel.com\/de\/ankauf\/","og_locale":"de_DE","og_type":"article","og_title":"Verkaufen Sie K\u00e4seplatten? | Wir k\u00fcmmern uns um den Einkauf | Kaasplankenhandel.com","og_description":"M\u00f6chten Sie K\u00e4sebretter von einem Bauernhof oder K\u00e4selager verkaufen? Wir sind immer auf der Suche nach gebrauchten K\u00e4sebrettern, ob gro\u00df oder klein.","og_url":"https:\/\/kaasplankenhandel.com\/de\/ankauf\/","og_site_name":"Kaasplankenhandel","article_modified_time":"2025-09-25T12:10:10+00:00","twitter_card":"summary_large_image","twitter_misc":{"Gesch\u00e4tzte Lesezeit":"1\u00a0Minute"},"schema":{"@context":"https:\/\/schema.org","@graph":[{"@type":"WebPage","@id":"https:\/\/kaasplankenhandel.com\/de\/ankauf\/","url":"https:\/\/kaasplankenhandel.com\/de\/ankauf\/","name":"Verkaufen Sie K\u00e4seplatten? | Wir k\u00fcmmern uns um den Einkauf | Kaasplankenhandel.com","isPartOf":{"@id":"https:\/\/kaasplankenhandel.com\/de\/#website"},"datePublished":"2020-03-13T13:52:03+00:00","dateModified":"2025-09-25T12:10:10+00:00","description":"M\u00f6chten Sie K\u00e4sebretter von einem Bauernhof oder K\u00e4selager verkaufen? Wir sind immer auf der Suche nach gebrauchten K\u00e4sebrettern, ob gro\u00df oder klein.","breadcrumb":{"@id":"https:\/\/kaasplankenhandel.com\/de\/ankauf\/#breadcrumb"},"inLanguage":"de","potentialAction":[{"@type":"ReadAction","target":["https:\/\/kaasplankenhandel.com\/de\/ankauf\/"]}]},{"@type":"BreadcrumbList","@id":"https:\/\/kaasplankenhandel.com\/de\/ankauf\/#breadcrumb","itemListElement":[{"@type":"ListItem","position":1,"name":"Home","item":"https:\/\/kaasplankenhandel.com\/de\/"},{"@type":"ListItem","position":2,"name":"ANKAUF"}]},{"@type":"WebSite","@id":"https:\/\/kaasplankenhandel.com\/de\/#website","url":"https:\/\/kaasplankenhandel.com\/de\/","name":"Kaasplankenhandel","description":"AUTHENTIEKE, BREDE EN OUDE KAASPLANKEN","potentialAction":[{"@type":"SearchAction","target":{"@type":"EntryPoint","urlTemplate":"https:\/\/kaasplankenhandel.com\/de\/?s={search_term_string}"},"query-input":{"@type":"PropertyValueSpecification","valueRequired":true,"valueName":"search_term_string"}}],"inLanguage":"de"}]}},"_links":{"self":[{"href":"https:\/\/kaasplankenhandel.com\/de\/wp-json\/wp\/v2\/pages\/809","targetHints":{"allow":["GET"]}}],"collection":[{"href":"https:\/\/kaasplankenhandel.com\/de\/wp-json\/wp\/v2\/pages"}],"about":[{"href":"https:\/\/kaasplankenhandel.com\/de\/wp-json\/wp\/v2\/types\/page"}],"author":[{"embeddable":true,"href":"https:\/\/kaasplankenhandel.com\/de\/wp-json\/wp\/v2\/users\/1"}],"replies":[{"embeddable":true,"href":"https:\/\/kaasplankenhandel.com\/de\/wp-json\/wp\/v2\/comments?post=809"}],"version-history":[{"count":1,"href":"https:\/\/kaasplankenhandel.com\/de\/wp-json\/wp\/v2\/pages\/809\/revisions"}],"predecessor-version":[{"id":810,"href":"https:\/\/kaasplankenhandel.com\/de\/wp-json\/wp\/v2\/pages\/809\/revisions\/810"}],"wp:attachment":[{"href":"https:\/\/kaasplankenhandel.com\/de\/wp-json\/wp\/v2\/media?parent=809"}],"curies":[{"name":"wp","href":"https:\/\/api.w.org\/{rel}","templated":true}]}}