{"id":700,"date":"2020-03-13T13:31:23","date_gmt":"2020-03-13T13:31:23","guid":{"rendered":"https:\/\/kaasplankenhandel.com\/politique-de-confidentialite\/"},"modified":"2025-09-23T08:07:03","modified_gmt":"2025-09-23T08:07:03","slug":"politique-de-confidentialite","status":"publish","type":"page","link":"https:\/\/kaasplankenhandel.com\/fr\/politique-de-confidentialite\/","title":{"rendered":"Politique de confidentialit\u00e9"},"content":{"rendered":"\t\t<div data-elementor-type=\"wp-page\" data-elementor-id=\"700\" class=\"elementor elementor-700 elementor-3\" data-elementor-post-type=\"page\">\n\t\t\t\t\t\t<section class=\"elementor-section elementor-top-section elementor-element elementor-element-d711226 elementor-section-full_width elementor-section-height-default elementor-section-height-default\" data-id=\"d711226\" data-element_type=\"section\" data-e-type=\"section\" data-settings=\"{&quot;background_background&quot;:&quot;classic&quot;}\">\n\t\t\t\t\t\t<div class=\"elementor-container elementor-column-gap-default\">\n\t\t\t\t\t<div class=\"elementor-column elementor-col-100 elementor-top-column elementor-element elementor-element-d7e31c0\" data-id=\"d7e31c0\" data-element_type=\"column\" data-e-type=\"column\">\n\t\t\t<div class=\"elementor-widget-wrap\">\n\t\t\t\t\t\t\t<\/div>\n\t\t<\/div>\n\t\t\t\t\t<\/div>\n\t\t<\/section>\n\t\t\t\t<section class=\"elementor-section elementor-top-section elementor-element elementor-element-5d488a61 elementor-section-boxed elementor-section-height-default elementor-section-height-default\" data-id=\"5d488a61\" data-element_type=\"section\" data-e-type=\"section\">\n\t\t\t\t\t\t<div class=\"elementor-container elementor-column-gap-default\">\n\t\t\t\t\t<div class=\"elementor-column elementor-col-100 elementor-top-column elementor-element elementor-element-65b1d8fb\" data-id=\"65b1d8fb\" data-element_type=\"column\" data-e-type=\"column\">\n\t\t\t<div class=\"elementor-widget-wrap elementor-element-populated\">\n\t\t\t\t\t\t<div class=\"elementor-element elementor-element-5a5f58f9 elementor-widget elementor-widget-text-editor\" data-id=\"5a5f58f9\" data-element_type=\"widget\" data-e-type=\"widget\" data-widget_type=\"text-editor.default\">\n\t\t\t\t<div class=\"elementor-widget-container\">\n\t\t\t\t\t\t\t\t\t<h1>D\u00c9CLARATION DE CONFIDENTIALIT\u00c9 DE KAASPLANKENHANDEL.COM <\/h1>\n\t\t\t\t\t\t\t\t<\/div>\n\t\t\t\t<\/div>\n\t\t\t\t<div class=\"elementor-element elementor-element-78b0eca elementor-widget elementor-widget-text-editor\" data-id=\"78b0eca\" data-element_type=\"widget\" data-e-type=\"widget\" data-widget_type=\"text-editor.default\">\n\t\t\t\t<div class=\"elementor-widget-container\">\n\t\t\t\t\t\t\t\t\t<p><strong>Kaasplankenhandel.com est responsable du traitement des donn\u00e9es personnelles comme indiqu\u00e9 dans la pr\u00e9sente d\u00e9claration. Nous vous expliquons ci\u2011dessous quelles donn\u00e9es nous collectons et utilisons, et dans quel but. Nous vous recommandons de lire attentivement cette d\u00e9claration.<\/strong><\/p>\n\t\t\t\t\t\t\t\t<\/div>\n\t\t\t\t<\/div>\n\t\t\t\t<div class=\"elementor-element elementor-element-7007161 elementor-widget elementor-widget-text-editor\" data-id=\"7007161\" data-element_type=\"widget\" data-e-type=\"widget\" data-widget_type=\"text-editor.default\">\n\t\t\t\t<div class=\"elementor-widget-container\">\n\t\t\t\t\t\t\t\t\t<strong>Coordonn\u00e9es\u202f<\/strong><br>Si vous souhaitez nous contacter concernant cette d\u00e9claration de confidentialit\u00e9, vous pouvez le faire en utilisant les coordonn\u00e9es ci-dessous.<br><br>T: +31 (0)6 53387020<br>E: i<a href=\"mailto:nfo@kaasplankenhandel.com\">nfo@kaasplankenhandel.com<\/a><br><br>Kaasplankenhandel.com \u2013 Pour l\u2019exercice de nos activit\u00e9s, nous traitons des donn\u00e9es personnelles. Parfois, nous collaborons avec des tiers. Il est essentiel pour nous que les donn\u00e9es soient trait\u00e9es avec soin. Nous assurons un traitement et une protection rigoureux des donn\u00e9es conform\u00e9ment aux obligations l\u00e9gales. Cela implique notamment que nous :<br><ul>\r\n \t<li>pr\u00e9ciser de finalit\u00e9s poursuivies pour lesquelles nous traitons des donn\u00e9es personnelles (via la pr\u00e9sente d\u00e9claration).<\/li>\r\n \t<li>limiter la collecte aux seules donn\u00e9es n\u00e9cessaires aux finalit\u00e9s vis\u00e9es.<\/li>\r\n \t<li>obtenir votre consentement explicite lorsque celui\u2011ci est requis.\r\nne pas communiquer vos donn\u00e9es \u00e0 des tiers, sauf si cela est n\u00e9cessaire \u00e0 la prestation demand\u00e9e ou en cas d\u2019obligation l\u00e9gale.<\/li>\r\n \t<li>encadrer contractualement les transferts avec des tiers afin qu\u2019ils n\u2019utilisent pas les donn\u00e9es \u00e0 d\u2019autres fins. \u2022 mettre en \u0153uvre des mesures de s\u00e9curit\u00e9 appropri\u00e9es pour prot\u00e9ger les donn\u00e9es et exiger des sous\u2011traitants des garanties \u00e9quivalentes.<\/li>\r\n \t<li>respecter votre droit d\u2019acc\u00e8s, de rectification et de suppression sur demande.<\/li>\r\n<\/ul><br><strong>Utilisation des donn\u00e9es personnelles<\/strong><br>En utilisant nos services et sites web, vous nous communiquez certaines donn\u00e9es. Il se peut que nous ne traitions pas syst\u00e9matiquement toutes les cat\u00e9gories ci\u2011dessous ; cela d\u00e9pend des services et fonctionnalit\u00e9s que vous utilisez.<br><br><strong>Donn\u00e9es \u00e0 caract\u00e8re personnel<\/strong><br>En fonction des services et fonctionnalit\u00e9s que vous utilisez sur nos sites Web, nous pouvons traiter les donn\u00e9es personnelles suivantes vous concernant :<br><ul>\r\n \t<li>nom et pr\u00e9nom<\/li>\r\n \t<li>adresse e\u2011mail<\/li>\r\n \t<li>les informations que vous saisissez dans un champ ouvert, comme un message dans le formulaire de contact<\/li>\r\n \t<li>adresse IP<\/li>\r\n \t<li>type d\u2019appareil et navigateur<\/li>\r\n<\/ul><br><strong>Finalit\u00e9s\r\n<\/strong>Nous traitons les donn\u00e9es ci-dessus pour une ou plusieurs des finalit\u00e9s suivantes (selon les services ou fonctionnalit\u00e9s que vous utilisez) :<br><ul>\r\n \t<li>Vous contacter par t\u00e9l\u00e9phone ou par e-mail si n\u00e9cessaire pour vous fournir nos services.<\/li>\r\n \t<li>Vous informer des modifications apport\u00e9es \u00e0 nos services et produits.<\/li>\r\n \t<li>Kaasplankenhandel.com traite \u00e9galement des donn\u00e9es personnelles si la loi l\u2019y oblige, par exemple pour notre d\u00e9claration de revenus.<\/li>\r\n<\/ul><br><strong>Communication \u00e0 des tiers<\/strong><br>Nous transmettons des donn\u00e9es \u00e0 des tiers uniquement lorsque cela est n\u00e9cessaire \u00e0 la fourniture des produits ou services command\u00e9s. Des accords sont conclus (ex. contrats de sous\u2011traitance). Aucune communication suppl\u00e9mentaire sauf obligation l\u00e9gale (ex. forces de l\u2019ordre en cas d\u2019enqu\u00eate pour fraude).<br><br><strong>S\u00e9curit\u00e9 et conservation<\/strong><br>Des mesures appropri\u00e9es sont mises en \u0153uvre pour pr\u00e9venir les usages frauduleux et l\u2019acc\u00e8s non autoris\u00e9. Les donn\u00e9es ne sont pas conserv\u00e9es plus longtemps que n\u00e9cessaire, sauf exigence l\u00e9gale. En cas de suspicion d\u2019incident, contactez info@kaasplankenhandel.com. Mesures : logiciels de s\u00e9curit\u00e9, TLS\/SSL, etc.<br><br><strong>Cookies<\/strong><br>Cookies fonctionnels et analytiques. Lors du premier acc\u00e8s, vous \u00eates inform\u00e9 et consentez \u00e0 leur utilisation. Vous pouvez vous opposer via les param\u00e8tres de votre navigateur et supprimer les informations enregistr\u00e9es. Informations compl\u00e9mentaires : voir <a href=\"https:\/\/veiliginternetten.nl\/themes\/situatie\/cookies-wat-zijn-het-en-wat-doe-ik-ermee\/\" target=\"_blank\" rel=\"noopener\">veiliginternetten.nl.<\/a><br><br><strong>D\u00e9cisions automatis\u00e9es<\/strong><br>Non applicable (aucune d\u00e9cision ayant des cons\u00e9quences significatives prise sans intervention humaine).<br><br><strong>Acc\u00e8s, rectification et suppression<\/strong><br>Vous disposez d\u2019un droit d\u2019acc\u00e8s, de rectification, d\u2019effacement, de retrait du consentement, d\u2019opposition et de portabilit\u00e9. Adressez votre demande \u00e0 info@kaasplankenhandel.com. Pour v\u00e9rification, joignez une copie d\u2019identit\u00e9 (masquez la photo, MRZ, num\u00e9ro et BSN). R\u00e9ponse sous 4 semaines.<br><br><strong>Autorit\u00e9 de protection des donn\u00e9es<\/strong><br>Vous pouvez d\u00e9poser une plainte aupr\u00e8s de l\u2019autorit\u00e9 comp\u00e9tente via\u202f <a href=\"https:\/\/autoriteitpersoonsgegevens.nl\/nl\/contact-met-de-autoriteit-persoonsgegevens\/tip-ons\" target=\"_blank\" rel=\"noopener\">autoriteitpersoonsgegevens.nl<\/a>.<br><br><strong>Sites tiers<\/strong><br>La pr\u00e9sente d\u00e9claration ne s\u2019applique pas aux sites tiers accessibles via des liens ; veuillez consulter leurs propres d\u00e9clarations de confidentialit\u00e9.<br><br><strong>Modifications \u2013 La pr\u00e9sente d\u00e9claration peut \u00eatre modifi\u00e9e<\/strong><br>Les donn\u00e9es ne seront pas utilis\u00e9es \u00e0 d\u2019autres fins sans votre consentement. Entr\u00e9e en vigueur : derni\u00e8re mise \u00e0 jour le 2 avril 2020.\t\t\t\t\t\t\t\t<\/div>\n\t\t\t\t<\/div>\n\t\t\t\t\t<\/div>\n\t\t<\/div>\n\t\t\t\t\t<\/div>\n\t\t<\/section>\n\t\t\t\t<\/div>\n\t\t","protected":false},"excerpt":{"rendered":"<p>D\u00c9CLARATION DE CONFIDENTIALIT\u00c9 DE KAASPLANKENHANDEL.COM Kaasplankenhandel.com est responsable du traitement des donn\u00e9es personnelles comme indiqu\u00e9 dans la pr\u00e9sente d\u00e9claration. Nous vous expliquons ci\u2011dessous quelles donn\u00e9es nous collectons et utilisons, et dans quel but. Nous vous recommandons de lire attentivement cette d\u00e9claration. Coordonn\u00e9es\u202fSi vous souhaitez nous contacter concernant cette d\u00e9claration de confidentialit\u00e9, vous pouvez le faire [&hellip;]<\/p>\n","protected":false},"author":1,"featured_media":0,"parent":0,"menu_order":0,"comment_status":"closed","ping_status":"open","template":"","meta":{"footnotes":""},"class_list":["post-700","page","type-page","status-publish","hentry"],"yoast_head":"<!-- This site is optimized with the Yoast SEO plugin v27.2 - https:\/\/yoast.com\/product\/yoast-seo-wordpress\/ -->\n<title>Politique de confidentialit\u00e9 - Kaasplankenhandel<\/title>\n<meta name=\"robots\" content=\"index, follow, max-snippet:-1, max-image-preview:large, max-video-preview:-1\" \/>\n<link rel=\"canonical\" href=\"https:\/\/kaasplankenhandel.com\/fr\/politique-de-confidentialite\/\" \/>\n<meta property=\"og:locale\" content=\"fr_FR\" \/>\n<meta property=\"og:type\" content=\"article\" \/>\n<meta property=\"og:title\" content=\"Politique de confidentialit\u00e9 - Kaasplankenhandel\" \/>\n<meta property=\"og:description\" content=\"D\u00c9CLARATION DE CONFIDENTIALIT\u00c9 DE KAASPLANKENHANDEL.COM Kaasplankenhandel.com est responsable du traitement des donn\u00e9es personnelles comme indiqu\u00e9 dans la pr\u00e9sente d\u00e9claration. Nous vous expliquons ci\u2011dessous quelles donn\u00e9es nous collectons et utilisons, et dans quel but. Nous vous recommandons de lire attentivement cette d\u00e9claration. Coordonn\u00e9es\u202fSi vous souhaitez nous contacter concernant cette d\u00e9claration de confidentialit\u00e9, vous pouvez le faire [&hellip;]\" \/>\n<meta property=\"og:url\" content=\"https:\/\/kaasplankenhandel.com\/fr\/politique-de-confidentialite\/\" \/>\n<meta property=\"og:site_name\" content=\"Kaasplankenhandel\" \/>\n<meta property=\"article:modified_time\" content=\"2025-09-23T08:07:03+00:00\" \/>\n<meta name=\"twitter:card\" content=\"summary_large_image\" \/>\n<meta name=\"twitter:label1\" content=\"Dur\u00e9e de lecture estim\u00e9e\" \/>\n\t<meta name=\"twitter:data1\" content=\"4 minutes\" \/>\n<script type=\"application\/ld+json\" class=\"yoast-schema-graph\">{\"@context\":\"https:\/\/schema.org\",\"@graph\":[{\"@type\":\"WebPage\",\"@id\":\"https:\/\/kaasplankenhandel.com\/fr\/politique-de-confidentialite\/\",\"url\":\"https:\/\/kaasplankenhandel.com\/fr\/politique-de-confidentialite\/\",\"name\":\"Politique de confidentialit\u00e9 - Kaasplankenhandel\",\"isPartOf\":{\"@id\":\"https:\/\/kaasplankenhandel.com\/fr\/#website\"},\"datePublished\":\"2020-03-13T13:31:23+00:00\",\"dateModified\":\"2025-09-23T08:07:03+00:00\",\"breadcrumb\":{\"@id\":\"https:\/\/kaasplankenhandel.com\/fr\/politique-de-confidentialite\/#breadcrumb\"},\"inLanguage\":\"fr-FR\",\"potentialAction\":[{\"@type\":\"ReadAction\",\"target\":[\"https:\/\/kaasplankenhandel.com\/fr\/politique-de-confidentialite\/\"]}]},{\"@type\":\"BreadcrumbList\",\"@id\":\"https:\/\/kaasplankenhandel.com\/fr\/politique-de-confidentialite\/#breadcrumb\",\"itemListElement\":[{\"@type\":\"ListItem\",\"position\":1,\"name\":\"Home\",\"item\":\"https:\/\/kaasplankenhandel.com\/fr\/\"},{\"@type\":\"ListItem\",\"position\":2,\"name\":\"Politique de confidentialit\u00e9\"}]},{\"@type\":\"WebSite\",\"@id\":\"https:\/\/kaasplankenhandel.com\/fr\/#website\",\"url\":\"https:\/\/kaasplankenhandel.com\/fr\/\",\"name\":\"Kaasplankenhandel\",\"description\":\"AUTHENTIEKE, BREDE EN OUDE KAASPLANKEN\",\"potentialAction\":[{\"@type\":\"SearchAction\",\"target\":{\"@type\":\"EntryPoint\",\"urlTemplate\":\"https:\/\/kaasplankenhandel.com\/fr\/?s={search_term_string}\"},\"query-input\":{\"@type\":\"PropertyValueSpecification\",\"valueRequired\":true,\"valueName\":\"search_term_string\"}}],\"inLanguage\":\"fr-FR\"}]}<\/script>\n<!-- \/ Yoast SEO plugin. -->","yoast_head_json":{"title":"Politique de confidentialit\u00e9 - Kaasplankenhandel","robots":{"index":"index","follow":"follow","max-snippet":"max-snippet:-1","max-image-preview":"max-image-preview:large","max-video-preview":"max-video-preview:-1"},"canonical":"https:\/\/kaasplankenhandel.com\/fr\/politique-de-confidentialite\/","og_locale":"fr_FR","og_type":"article","og_title":"Politique de confidentialit\u00e9 - Kaasplankenhandel","og_description":"D\u00c9CLARATION DE CONFIDENTIALIT\u00c9 DE KAASPLANKENHANDEL.COM Kaasplankenhandel.com est responsable du traitement des donn\u00e9es personnelles comme indiqu\u00e9 dans la pr\u00e9sente d\u00e9claration. Nous vous expliquons ci\u2011dessous quelles donn\u00e9es nous collectons et utilisons, et dans quel but. Nous vous recommandons de lire attentivement cette d\u00e9claration. Coordonn\u00e9es\u202fSi vous souhaitez nous contacter concernant cette d\u00e9claration de confidentialit\u00e9, vous pouvez le faire [&hellip;]","og_url":"https:\/\/kaasplankenhandel.com\/fr\/politique-de-confidentialite\/","og_site_name":"Kaasplankenhandel","article_modified_time":"2025-09-23T08:07:03+00:00","twitter_card":"summary_large_image","twitter_misc":{"Dur\u00e9e de lecture estim\u00e9e":"4 minutes"},"schema":{"@context":"https:\/\/schema.org","@graph":[{"@type":"WebPage","@id":"https:\/\/kaasplankenhandel.com\/fr\/politique-de-confidentialite\/","url":"https:\/\/kaasplankenhandel.com\/fr\/politique-de-confidentialite\/","name":"Politique de confidentialit\u00e9 - Kaasplankenhandel","isPartOf":{"@id":"https:\/\/kaasplankenhandel.com\/fr\/#website"},"datePublished":"2020-03-13T13:31:23+00:00","dateModified":"2025-09-23T08:07:03+00:00","breadcrumb":{"@id":"https:\/\/kaasplankenhandel.com\/fr\/politique-de-confidentialite\/#breadcrumb"},"inLanguage":"fr-FR","potentialAction":[{"@type":"ReadAction","target":["https:\/\/kaasplankenhandel.com\/fr\/politique-de-confidentialite\/"]}]},{"@type":"BreadcrumbList","@id":"https:\/\/kaasplankenhandel.com\/fr\/politique-de-confidentialite\/#breadcrumb","itemListElement":[{"@type":"ListItem","position":1,"name":"Home","item":"https:\/\/kaasplankenhandel.com\/fr\/"},{"@type":"ListItem","position":2,"name":"Politique de confidentialit\u00e9"}]},{"@type":"WebSite","@id":"https:\/\/kaasplankenhandel.com\/fr\/#website","url":"https:\/\/kaasplankenhandel.com\/fr\/","name":"Kaasplankenhandel","description":"AUTHENTIEKE, BREDE EN OUDE KAASPLANKEN","potentialAction":[{"@type":"SearchAction","target":{"@type":"EntryPoint","urlTemplate":"https:\/\/kaasplankenhandel.com\/fr\/?s={search_term_string}"},"query-input":{"@type":"PropertyValueSpecification","valueRequired":true,"valueName":"search_term_string"}}],"inLanguage":"fr-FR"}]}},"_links":{"self":[{"href":"https:\/\/kaasplankenhandel.com\/fr\/wp-json\/wp\/v2\/pages\/700","targetHints":{"allow":["GET"]}}],"collection":[{"href":"https:\/\/kaasplankenhandel.com\/fr\/wp-json\/wp\/v2\/pages"}],"about":[{"href":"https:\/\/kaasplankenhandel.com\/fr\/wp-json\/wp\/v2\/types\/page"}],"author":[{"embeddable":true,"href":"https:\/\/kaasplankenhandel.com\/fr\/wp-json\/wp\/v2\/users\/1"}],"replies":[{"embeddable":true,"href":"https:\/\/kaasplankenhandel.com\/fr\/wp-json\/wp\/v2\/comments?post=700"}],"version-history":[{"count":13,"href":"https:\/\/kaasplankenhandel.com\/fr\/wp-json\/wp\/v2\/pages\/700\/revisions"}],"predecessor-version":[{"id":713,"href":"https:\/\/kaasplankenhandel.com\/fr\/wp-json\/wp\/v2\/pages\/700\/revisions\/713"}],"wp:attachment":[{"href":"https:\/\/kaasplankenhandel.com\/fr\/wp-json\/wp\/v2\/media?parent=700"}],"curies":[{"name":"wp","href":"https:\/\/api.w.org\/{rel}","templated":true}]}}