{"id":770,"date":"2020-03-13T13:52:03","date_gmt":"2020-03-13T13:52:03","guid":{"rendered":"https:\/\/kaasplankenhandel.com\/achat\/"},"modified":"2025-09-23T10:13:42","modified_gmt":"2025-09-23T10:13:42","slug":"achat","status":"publish","type":"page","link":"https:\/\/kaasplankenhandel.com\/fr\/achat\/","title":{"rendered":"Achat"},"content":{"rendered":"\t\t<div data-elementor-type=\"wp-page\" data-elementor-id=\"770\" class=\"elementor elementor-770 elementor-13\" data-elementor-post-type=\"page\">\n\t\t\t\t\t\t<section class=\"elementor-section elementor-top-section elementor-element elementor-element-681b325 elementor-section-full_width elementor-section-height-default elementor-section-height-default\" data-id=\"681b325\" data-element_type=\"section\" data-e-type=\"section\" data-settings=\"{&quot;background_background&quot;:&quot;classic&quot;}\">\n\t\t\t\t\t\t<div class=\"elementor-container elementor-column-gap-default\">\n\t\t\t\t\t<div class=\"elementor-column elementor-col-100 elementor-top-column elementor-element elementor-element-d3bed9a\" data-id=\"d3bed9a\" data-element_type=\"column\" data-e-type=\"column\">\n\t\t\t<div class=\"elementor-widget-wrap\">\n\t\t\t\t\t\t\t<\/div>\n\t\t<\/div>\n\t\t\t\t\t<\/div>\n\t\t<\/section>\n\t\t\t\t<section class=\"elementor-section elementor-top-section elementor-element elementor-element-0350461 elementor-section-boxed elementor-section-height-default elementor-section-height-default\" data-id=\"0350461\" data-element_type=\"section\" data-e-type=\"section\">\n\t\t\t\t\t\t<div class=\"elementor-container elementor-column-gap-default\">\n\t\t\t\t\t<div class=\"elementor-column elementor-col-100 elementor-top-column elementor-element elementor-element-4f10d1e\" data-id=\"4f10d1e\" data-element_type=\"column\" data-e-type=\"column\">\n\t\t\t<div class=\"elementor-widget-wrap elementor-element-populated\">\n\t\t\t\t\t\t<div class=\"elementor-element elementor-element-735c587 elementor-widget elementor-widget-text-editor\" data-id=\"735c587\" data-element_type=\"widget\" data-e-type=\"widget\" data-widget_type=\"text-editor.default\">\n\t\t\t\t<div class=\"elementor-widget-container\">\n\t\t\t\t\t\t\t\t\t<h5 class=\"title textcenter default bw-2px dh-2px divider-dark bc-dark dw-default color-default\" id=\"h5_c1fb_0\"><span>Donner une seconde vie aux planches \u00e0 fromage <\/span><\/h5>\n\t\t\t\t\t\t\t\t<\/div>\n\t\t\t\t<\/div>\n\t\t\t\t<div class=\"elementor-element elementor-element-22a3763 elementor-widget elementor-widget-heading\" data-id=\"22a3763\" data-element_type=\"widget\" data-e-type=\"widget\" data-widget_type=\"heading.default\">\n\t\t\t\t<div class=\"elementor-widget-container\">\n\t\t\t\t\t<h1 class=\"elementor-heading-title elementor-size-default\">Achat<\/h1>\t\t\t\t<\/div>\n\t\t\t\t<\/div>\n\t\t\t\t<div class=\"elementor-element elementor-element-e5398d6 elementor-widget-divider--view-line elementor-widget elementor-widget-divider\" data-id=\"e5398d6\" data-element_type=\"widget\" data-e-type=\"widget\" data-widget_type=\"divider.default\">\n\t\t\t\t<div class=\"elementor-widget-container\">\n\t\t\t\t\t\t\t<div class=\"elementor-divider\">\n\t\t\t<span class=\"elementor-divider-separator\">\n\t\t\t\t\t\t<\/span>\n\t\t<\/div>\n\t\t\t\t\t\t<\/div>\n\t\t\t\t<\/div>\n\t\t\t\t<div class=\"elementor-element elementor-element-687aeb5 elementor-widget elementor-widget-text-editor\" data-id=\"687aeb5\" data-element_type=\"widget\" data-e-type=\"widget\" data-widget_type=\"text-editor.default\">\n\t\t\t\t<div class=\"elementor-widget-container\">\n\t\t\t\t\t\t\t\t\t<p class=\"p1\"><span class=\"s1\"><b>Nous sommes continuellement \u00e0 la recherche de lots de planches \u00e0 fromage usag\u00e9es, grands ou petits. Nous sommes \u00e9galement int\u00e9ress\u00e9s par d\u2019autres types de bois. Disposez\u2011vous de planches dans une ferme ou un entrep\u00f4t ? Contactez\u2011nous.<\/b><\/span><\/p>\n\t\t\t\t\t\t\t\t<\/div>\n\t\t\t\t<\/div>\n\t\t\t\t\t<\/div>\n\t\t<\/div>\n\t\t\t\t\t<\/div>\n\t\t<\/section>\n\t\t\t\t<section class=\"elementor-section elementor-top-section elementor-element elementor-element-09aa196 elementor-section-boxed elementor-section-height-default elementor-section-height-default\" data-id=\"09aa196\" data-element_type=\"section\" data-e-type=\"section\">\n\t\t\t\t\t\t<div class=\"elementor-container elementor-column-gap-default\">\n\t\t\t\t\t<div class=\"elementor-column elementor-col-100 elementor-top-column elementor-element elementor-element-2c6eb7e\" data-id=\"2c6eb7e\" data-element_type=\"column\" data-e-type=\"column\">\n\t\t\t<div class=\"elementor-widget-wrap elementor-element-populated\">\n\t\t\t\t\t\t<div class=\"elementor-element elementor-element-1800da8 elementor-widget elementor-widget-text-editor\" data-id=\"1800da8\" data-element_type=\"widget\" data-e-type=\"widget\" data-widget_type=\"text-editor.default\">\n\t\t\t\t<div class=\"elementor-widget-container\">\n\t\t\t\t\t\t\t\t\t<p class=\"p1\" style=\"text-align: center;\"><span class=\"s1\">Les planches sont reconditionn\u00e9es et transform\u00e9es en nouveaux produits pour diverses applications. C\u2019est ainsi qu\u2019elles vivent une seconde vie ! Nous proposons un prix conforme au march\u00e9 et pouvons, si souhait\u00e9, organiser le d\u00e9blaiement de votre entrep\u00f4t et le transport, \u00e0 des tarifs raisonnables.<\/span><\/p>\n<p><\/p>\n<p class=\"p1\" style=\"text-align: center;\"><span class=\"s1\">Vous avez un surplus de planches \u00e0 vendre ? Faites\u2011le nous savoir. Nous serons ravis de prendre contact !<\/span><\/p>\n\t\t\t\t\t\t\t\t<\/div>\n\t\t\t\t<\/div>\n\t\t\t\t\t<\/div>\n\t\t<\/div>\n\t\t\t\t\t<\/div>\n\t\t<\/section>\n\t\t\t\t<section class=\"elementor-section elementor-top-section elementor-element elementor-element-b72192d elementor-section-full_width elementor-section-height-min-height elementor-section-height-default elementor-section-items-middle\" data-id=\"b72192d\" data-element_type=\"section\" data-e-type=\"section\">\n\t\t\t\t\t\t<div class=\"elementor-container elementor-column-gap-no\">\n\t\t\t\t\t<div class=\"elementor-column elementor-col-100 elementor-top-column elementor-element elementor-element-b0aaddc\" data-id=\"b0aaddc\" data-element_type=\"column\" data-e-type=\"column\">\n\t\t\t<div class=\"elementor-widget-wrap elementor-element-populated\">\n\t\t\t\t\t\t<div class=\"elementor-element elementor-element-c3bedd8 elementor-widget elementor-widget-gallery\" data-id=\"c3bedd8\" data-element_type=\"widget\" data-e-type=\"widget\" data-settings=\"{&quot;gap&quot;:{&quot;unit&quot;:&quot;px&quot;,&quot;size&quot;:0,&quot;sizes&quot;:[]},&quot;aspect_ratio&quot;:&quot;4:3&quot;,&quot;lazyload&quot;:&quot;yes&quot;,&quot;gallery_layout&quot;:&quot;grid&quot;,&quot;columns&quot;:4,&quot;columns_tablet&quot;:2,&quot;columns_mobile&quot;:1,&quot;gap_tablet&quot;:{&quot;unit&quot;:&quot;px&quot;,&quot;size&quot;:10,&quot;sizes&quot;:[]},&quot;gap_mobile&quot;:{&quot;unit&quot;:&quot;px&quot;,&quot;size&quot;:10,&quot;sizes&quot;:[]},&quot;link_to&quot;:&quot;file&quot;,&quot;overlay_background&quot;:&quot;yes&quot;,&quot;content_hover_animation&quot;:&quot;fade-in&quot;}\" data-widget_type=\"gallery.default\">\n\t\t\t\t<div class=\"elementor-widget-container\">\n\t\t\t\t\t\t\t<div class=\"elementor-gallery__container\">\n\t\t\t\t\t\t\t<a class=\"e-gallery-item elementor-gallery-item elementor-animated-content\" href=\"https:\/\/kaasplankenhandel.com\/wp-content\/uploads\/2020\/03\/4-fotos-1.jpg\" data-elementor-open-lightbox=\"yes\" data-elementor-lightbox-slideshow=\"c3bedd8\" data-elementor-lightbox-title=\"4-fotos-1\" data-e-action-hash=\"#elementor-action%3Aaction%3Dlightbox%26settings%3DeyJpZCI6NzQzLCJ1cmwiOiJodHRwczpcL1wva2Fhc3BsYW5rZW5oYW5kZWwuY29tXC93cC1jb250ZW50XC91cGxvYWRzXC8yMDIwXC8wM1wvNC1mb3Rvcy0xLmpwZyIsInNsaWRlc2hvdyI6ImMzYmVkZDgifQ%3D%3D\">\n\t\t\t\t\t<div class=\"e-gallery-image elementor-gallery-item__image\" data-thumbnail=\"https:\/\/kaasplankenhandel.com\/wp-content\/uploads\/2020\/03\/4-fotos-1-300x275.jpg\" data-width=\"300\" data-height=\"275\" aria-label=\"Soci\u00e9t\u00e9 de n\u00e9goce de plateaux de fromages\" role=\"img\" ><\/div>\n\t\t\t\t\t\t\t\t\t\t\t<div class=\"elementor-gallery-item__overlay\"><\/div>\n\t\t\t\t\t\t\t\t\t\t\t\t\t\t<\/a>\n\t\t\t\t\t\t\t<a class=\"e-gallery-item elementor-gallery-item elementor-animated-content\" href=\"https:\/\/kaasplankenhandel.com\/wp-content\/uploads\/2020\/05\/kaasplank-met-kaas.jpg\" data-elementor-open-lightbox=\"yes\" data-elementor-lightbox-slideshow=\"c3bedd8\" data-elementor-lightbox-title=\"kaasplank-met-kaas\" data-e-action-hash=\"#elementor-action%3Aaction%3Dlightbox%26settings%3DeyJpZCI6NzQ0LCJ1cmwiOiJodHRwczpcL1wva2Fhc3BsYW5rZW5oYW5kZWwuY29tXC93cC1jb250ZW50XC91cGxvYWRzXC8yMDIwXC8wNVwva2Fhc3BsYW5rLW1ldC1rYWFzLmpwZyIsInNsaWRlc2hvdyI6ImMzYmVkZDgifQ%3D%3D\">\n\t\t\t\t\t<div class=\"e-gallery-image elementor-gallery-item__image\" data-thumbnail=\"https:\/\/kaasplankenhandel.com\/wp-content\/uploads\/2020\/05\/kaasplank-met-kaas-300x275.jpg\" data-width=\"300\" data-height=\"275\" aria-label=\"\" role=\"img\" ><\/div>\n\t\t\t\t\t\t\t\t\t\t\t<div class=\"elementor-gallery-item__overlay\"><\/div>\n\t\t\t\t\t\t\t\t\t\t\t\t\t\t<\/a>\n\t\t\t\t\t\t\t<a class=\"e-gallery-item elementor-gallery-item elementor-animated-content\" href=\"https:\/\/kaasplankenhandel.com\/wp-content\/uploads\/2020\/03\/4-fotos-3.jpg\" data-elementor-open-lightbox=\"yes\" data-elementor-lightbox-slideshow=\"c3bedd8\" data-elementor-lightbox-title=\"4-fotos-3\" data-e-action-hash=\"#elementor-action%3Aaction%3Dlightbox%26settings%3DeyJpZCI6NzQ1LCJ1cmwiOiJodHRwczpcL1wva2Fhc3BsYW5rZW5oYW5kZWwuY29tXC93cC1jb250ZW50XC91cGxvYWRzXC8yMDIwXC8wM1wvNC1mb3Rvcy0zLmpwZyIsInNsaWRlc2hvdyI6ImMzYmVkZDgifQ%3D%3D\">\n\t\t\t\t\t<div class=\"e-gallery-image elementor-gallery-item__image\" data-thumbnail=\"https:\/\/kaasplankenhandel.com\/wp-content\/uploads\/2020\/03\/4-fotos-3-300x275.jpg\" data-width=\"300\" data-height=\"275\" aria-label=\"Commander des plateaux de fromages soci\u00e9t\u00e9 de n\u00e9goce\" role=\"img\" ><\/div>\n\t\t\t\t\t\t\t\t\t\t\t<div class=\"elementor-gallery-item__overlay\"><\/div>\n\t\t\t\t\t\t\t\t\t\t\t\t\t\t<\/a>\n\t\t\t\t\t\t\t<a class=\"e-gallery-item elementor-gallery-item elementor-animated-content\" href=\"https:\/\/kaasplankenhandel.com\/wp-content\/uploads\/2020\/03\/4-fotos-4.jpg\" data-elementor-open-lightbox=\"yes\" data-elementor-lightbox-slideshow=\"c3bedd8\" data-elementor-lightbox-title=\"4-fotos-4\" data-e-action-hash=\"#elementor-action%3Aaction%3Dlightbox%26settings%3DeyJpZCI6NzQ2LCJ1cmwiOiJodHRwczpcL1wva2Fhc3BsYW5rZW5oYW5kZWwuY29tXC93cC1jb250ZW50XC91cGxvYWRzXC8yMDIwXC8wM1wvNC1mb3Rvcy00LmpwZyIsInNsaWRlc2hvdyI6ImMzYmVkZDgifQ%3D%3D\">\n\t\t\t\t\t<div class=\"e-gallery-image elementor-gallery-item__image\" data-thumbnail=\"https:\/\/kaasplankenhandel.com\/wp-content\/uploads\/2020\/03\/4-fotos-4-300x275.jpg\" data-width=\"300\" data-height=\"275\" aria-label=\"Soci\u00e9t\u00e9 de n\u00e9goce de plateaux de fromages \u00e0 vendre\" role=\"img\" ><\/div>\n\t\t\t\t\t\t\t\t\t\t\t<div class=\"elementor-gallery-item__overlay\"><\/div>\n\t\t\t\t\t\t\t\t\t\t\t\t\t\t<\/a>\n\t\t\t\t\t<\/div>\n\t\t\t\t\t<\/div>\n\t\t\t\t<\/div>\n\t\t\t\t\t<\/div>\n\t\t<\/div>\n\t\t\t\t\t<\/div>\n\t\t<\/section>\n\t\t\t\t<section class=\"elementor-section elementor-top-section elementor-element elementor-element-69c635d elementor-section-boxed elementor-section-height-default elementor-section-height-default\" data-id=\"69c635d\" data-element_type=\"section\" data-e-type=\"section\" data-settings=\"{&quot;background_background&quot;:&quot;classic&quot;}\">\n\t\t\t\t\t\t<div class=\"elementor-container elementor-column-gap-default\">\n\t\t\t\t\t<div class=\"elementor-column elementor-col-100 elementor-top-column elementor-element elementor-element-0dd41b1\" data-id=\"0dd41b1\" data-element_type=\"column\" data-e-type=\"column\">\n\t\t\t<div class=\"elementor-widget-wrap elementor-element-populated\">\n\t\t\t\t\t\t<div class=\"elementor-element elementor-element-6cd4741 elementor-widget__width-auto elementor-widget elementor-widget-heading\" data-id=\"6cd4741\" data-element_type=\"widget\" data-e-type=\"widget\" data-widget_type=\"heading.default\">\n\t\t\t\t<div class=\"elementor-widget-container\">\n\t\t\t\t\t<h4 class=\"elementor-heading-title elementor-size-default\">Int\u00e9ress\u00e9 par la vente de vos planches ? <\/h4>\t\t\t\t<\/div>\n\t\t\t\t<\/div>\n\t\t\t\t<div class=\"elementor-element elementor-element-3943aeb elementor-widget__width-auto elementor-widget elementor-widget-button\" data-id=\"3943aeb\" data-element_type=\"widget\" data-e-type=\"widget\" data-widget_type=\"button.default\">\n\t\t\t\t<div class=\"elementor-widget-container\">\n\t\t\t\t\t\t\t\t\t<div class=\"elementor-button-wrapper\">\n\t\t\t\t\t<a class=\"elementor-button elementor-button-link elementor-size-sm\" href=\"https:\/\/kaasplankenhandel.com\/fr\/contact\/\">\n\t\t\t\t\t\t<span class=\"elementor-button-content-wrapper\">\n\t\t\t\t\t\t\t\t\t<span class=\"elementor-button-text\">CONTACTEZ\u2011NOUS !<\/span>\n\t\t\t\t\t<\/span>\n\t\t\t\t\t<\/a>\n\t\t\t\t<\/div>\n\t\t\t\t\t\t\t\t<\/div>\n\t\t\t\t<\/div>\n\t\t\t\t\t<\/div>\n\t\t<\/div>\n\t\t\t\t\t<\/div>\n\t\t<\/section>\n\t\t\t\t<\/div>\n\t\t","protected":false},"excerpt":{"rendered":"<p>Donner une seconde vie aux planches \u00e0 fromage Achat Nous sommes continuellement \u00e0 la recherche de lots de planches \u00e0 fromage usag\u00e9es, grands ou petits. Nous sommes \u00e9galement int\u00e9ress\u00e9s par d\u2019autres types de bois. Disposez\u2011vous de planches dans une ferme ou un entrep\u00f4t ? Contactez\u2011nous. Les planches sont reconditionn\u00e9es et transform\u00e9es en nouveaux produits pour [&hellip;]<\/p>\n","protected":false},"author":1,"featured_media":0,"parent":0,"menu_order":0,"comment_status":"closed","ping_status":"closed","template":"","meta":{"footnotes":""},"class_list":["post-770","page","type-page","status-publish","hentry"],"yoast_head":"<!-- This site is optimized with the Yoast SEO plugin v27.2 - https:\/\/yoast.com\/product\/yoast-seo-wordpress\/ -->\n<title>Vous vendez des plateaux de fromages\u00a0? Nous nous occupons de l&#039;achat. | Cheeseboards.com<\/title>\n<meta name=\"description\" content=\"Vous souhaitez vendre des planches \u00e0 fromage provenant d&#039;une ferme ou d&#039;une fromagerie\u00a0? Nous sommes toujours \u00e0 la recherche de planches \u00e0 fromage d&#039;occasion, grandes ou petites.\" \/>\n<meta name=\"robots\" content=\"index, follow, max-snippet:-1, max-image-preview:large, max-video-preview:-1\" \/>\n<link rel=\"canonical\" href=\"https:\/\/kaasplankenhandel.com\/fr\/achat\/\" \/>\n<meta property=\"og:locale\" content=\"fr_FR\" \/>\n<meta property=\"og:type\" content=\"article\" \/>\n<meta property=\"og:title\" content=\"Vous vendez des plateaux de fromages\u00a0? Nous nous occupons de l&#039;achat. | Cheeseboards.com\" \/>\n<meta property=\"og:description\" content=\"Vous souhaitez vendre des planches \u00e0 fromage provenant d&#039;une ferme ou d&#039;une fromagerie\u00a0? Nous sommes toujours \u00e0 la recherche de planches \u00e0 fromage d&#039;occasion, grandes ou petites.\" \/>\n<meta property=\"og:url\" content=\"https:\/\/kaasplankenhandel.com\/fr\/achat\/\" \/>\n<meta property=\"og:site_name\" content=\"Kaasplankenhandel\" \/>\n<meta property=\"article:modified_time\" content=\"2025-09-23T10:13:42+00:00\" \/>\n<meta name=\"twitter:card\" content=\"summary_large_image\" \/>\n<meta name=\"twitter:label1\" content=\"Dur\u00e9e de lecture estim\u00e9e\" \/>\n\t<meta name=\"twitter:data1\" content=\"1 minute\" \/>\n<script type=\"application\/ld+json\" class=\"yoast-schema-graph\">{\"@context\":\"https:\/\/schema.org\",\"@graph\":[{\"@type\":\"WebPage\",\"@id\":\"https:\/\/kaasplankenhandel.com\/fr\/achat\/\",\"url\":\"https:\/\/kaasplankenhandel.com\/fr\/achat\/\",\"name\":\"Vous vendez des plateaux de fromages\u00a0? Nous nous occupons de l'achat. | Cheeseboards.com\",\"isPartOf\":{\"@id\":\"https:\/\/kaasplankenhandel.com\/fr\/#website\"},\"datePublished\":\"2020-03-13T13:52:03+00:00\",\"dateModified\":\"2025-09-23T10:13:42+00:00\",\"description\":\"Vous souhaitez vendre des planches \u00e0 fromage provenant d'une ferme ou d'une fromagerie\u00a0? Nous sommes toujours \u00e0 la recherche de planches \u00e0 fromage d'occasion, grandes ou petites.\",\"breadcrumb\":{\"@id\":\"https:\/\/kaasplankenhandel.com\/fr\/achat\/#breadcrumb\"},\"inLanguage\":\"fr-FR\",\"potentialAction\":[{\"@type\":\"ReadAction\",\"target\":[\"https:\/\/kaasplankenhandel.com\/fr\/achat\/\"]}]},{\"@type\":\"BreadcrumbList\",\"@id\":\"https:\/\/kaasplankenhandel.com\/fr\/achat\/#breadcrumb\",\"itemListElement\":[{\"@type\":\"ListItem\",\"position\":1,\"name\":\"Home\",\"item\":\"https:\/\/kaasplankenhandel.com\/fr\/\"},{\"@type\":\"ListItem\",\"position\":2,\"name\":\"Achat\"}]},{\"@type\":\"WebSite\",\"@id\":\"https:\/\/kaasplankenhandel.com\/fr\/#website\",\"url\":\"https:\/\/kaasplankenhandel.com\/fr\/\",\"name\":\"Kaasplankenhandel\",\"description\":\"AUTHENTIEKE, BREDE EN OUDE KAASPLANKEN\",\"potentialAction\":[{\"@type\":\"SearchAction\",\"target\":{\"@type\":\"EntryPoint\",\"urlTemplate\":\"https:\/\/kaasplankenhandel.com\/fr\/?s={search_term_string}\"},\"query-input\":{\"@type\":\"PropertyValueSpecification\",\"valueRequired\":true,\"valueName\":\"search_term_string\"}}],\"inLanguage\":\"fr-FR\"}]}<\/script>\n<!-- \/ Yoast SEO plugin. -->","yoast_head_json":{"title":"Vous vendez des plateaux de fromages\u00a0? Nous nous occupons de l'achat. | Cheeseboards.com","description":"Vous souhaitez vendre des planches \u00e0 fromage provenant d'une ferme ou d'une fromagerie\u00a0? Nous sommes toujours \u00e0 la recherche de planches \u00e0 fromage d'occasion, grandes ou petites.","robots":{"index":"index","follow":"follow","max-snippet":"max-snippet:-1","max-image-preview":"max-image-preview:large","max-video-preview":"max-video-preview:-1"},"canonical":"https:\/\/kaasplankenhandel.com\/fr\/achat\/","og_locale":"fr_FR","og_type":"article","og_title":"Vous vendez des plateaux de fromages\u00a0? Nous nous occupons de l'achat. | Cheeseboards.com","og_description":"Vous souhaitez vendre des planches \u00e0 fromage provenant d'une ferme ou d'une fromagerie\u00a0? Nous sommes toujours \u00e0 la recherche de planches \u00e0 fromage d'occasion, grandes ou petites.","og_url":"https:\/\/kaasplankenhandel.com\/fr\/achat\/","og_site_name":"Kaasplankenhandel","article_modified_time":"2025-09-23T10:13:42+00:00","twitter_card":"summary_large_image","twitter_misc":{"Dur\u00e9e de lecture estim\u00e9e":"1 minute"},"schema":{"@context":"https:\/\/schema.org","@graph":[{"@type":"WebPage","@id":"https:\/\/kaasplankenhandel.com\/fr\/achat\/","url":"https:\/\/kaasplankenhandel.com\/fr\/achat\/","name":"Vous vendez des plateaux de fromages\u00a0? Nous nous occupons de l'achat. | Cheeseboards.com","isPartOf":{"@id":"https:\/\/kaasplankenhandel.com\/fr\/#website"},"datePublished":"2020-03-13T13:52:03+00:00","dateModified":"2025-09-23T10:13:42+00:00","description":"Vous souhaitez vendre des planches \u00e0 fromage provenant d'une ferme ou d'une fromagerie\u00a0? Nous sommes toujours \u00e0 la recherche de planches \u00e0 fromage d'occasion, grandes ou petites.","breadcrumb":{"@id":"https:\/\/kaasplankenhandel.com\/fr\/achat\/#breadcrumb"},"inLanguage":"fr-FR","potentialAction":[{"@type":"ReadAction","target":["https:\/\/kaasplankenhandel.com\/fr\/achat\/"]}]},{"@type":"BreadcrumbList","@id":"https:\/\/kaasplankenhandel.com\/fr\/achat\/#breadcrumb","itemListElement":[{"@type":"ListItem","position":1,"name":"Home","item":"https:\/\/kaasplankenhandel.com\/fr\/"},{"@type":"ListItem","position":2,"name":"Achat"}]},{"@type":"WebSite","@id":"https:\/\/kaasplankenhandel.com\/fr\/#website","url":"https:\/\/kaasplankenhandel.com\/fr\/","name":"Kaasplankenhandel","description":"AUTHENTIEKE, BREDE EN OUDE KAASPLANKEN","potentialAction":[{"@type":"SearchAction","target":{"@type":"EntryPoint","urlTemplate":"https:\/\/kaasplankenhandel.com\/fr\/?s={search_term_string}"},"query-input":{"@type":"PropertyValueSpecification","valueRequired":true,"valueName":"search_term_string"}}],"inLanguage":"fr-FR"}]}},"_links":{"self":[{"href":"https:\/\/kaasplankenhandel.com\/fr\/wp-json\/wp\/v2\/pages\/770","targetHints":{"allow":["GET"]}}],"collection":[{"href":"https:\/\/kaasplankenhandel.com\/fr\/wp-json\/wp\/v2\/pages"}],"about":[{"href":"https:\/\/kaasplankenhandel.com\/fr\/wp-json\/wp\/v2\/types\/page"}],"author":[{"embeddable":true,"href":"https:\/\/kaasplankenhandel.com\/fr\/wp-json\/wp\/v2\/users\/1"}],"replies":[{"embeddable":true,"href":"https:\/\/kaasplankenhandel.com\/fr\/wp-json\/wp\/v2\/comments?post=770"}],"version-history":[{"count":1,"href":"https:\/\/kaasplankenhandel.com\/fr\/wp-json\/wp\/v2\/pages\/770\/revisions"}],"predecessor-version":[{"id":771,"href":"https:\/\/kaasplankenhandel.com\/fr\/wp-json\/wp\/v2\/pages\/770\/revisions\/771"}],"wp:attachment":[{"href":"https:\/\/kaasplankenhandel.com\/fr\/wp-json\/wp\/v2\/media?parent=770"}],"curies":[{"name":"wp","href":"https:\/\/api.w.org\/{rel}","templated":true}]}}